{"id":269,"date":"2023-10-14T20:12:52","date_gmt":"2023-10-14T18:12:52","guid":{"rendered":"https:\/\/msassessorsigualada.com\/kit-digital\/"},"modified":"2023-10-24T11:52:41","modified_gmt":"2023-10-24T09:52:41","slug":"kit-digital","status":"publish","type":"page","link":"https:\/\/msassessorsigualada.com\/es\/kit-digital\/","title":{"rendered":"Kit Digital"},"content":{"rendered":"\n<figure class=\"wp-block-image size-large\"><img loading=\"lazy\" decoding=\"async\" width=\"1024\" height=\"119\" src=\"https:\/\/msassessorsigualada.com\/wp-content\/uploads\/2023\/10\/logo-digitalizadores1-1024x119.png\" alt=\"\" class=\"wp-image-124\" srcset=\"https:\/\/msassessorsigualada.com\/wp-content\/uploads\/2023\/10\/logo-digitalizadores1-980x114.png 980w, https:\/\/msassessorsigualada.com\/wp-content\/uploads\/2023\/10\/logo-digitalizadores1-480x56.png 480w\" sizes=\"(min-width: 0px) and (max-width: 480px) 480px, (min-width: 481px) and (max-width: 980px) 980px, (min-width: 981px) 1024px, 100vw\" \/><\/figure>\n\n<p>El desarrollo de esta p\u00e1gina web ha sido posible porque ha sido:<\/p>\n\n<ul class=\"wp-block-list\">\n<li>Financiado por el Programa Kit Digital, Plan de Recuperaci\u00f3n, Transformaci\u00f3n y Resiliencia Espa\u00f1a-Next Generation EU.<\/li>\n\n\n\n<li>Categor\u00eda: Sitio Web y Presencia B\u00e1sica en Internet.<\/li>\n<\/ul>\n","protected":false},"excerpt":{"rendered":"<p>El desarrollo de esta p\u00e1gina web ha sido posible porque ha sido:<\/p>\n","protected":false},"author":1,"featured_media":0,"parent":0,"menu_order":0,"comment_status":"closed","ping_status":"closed","template":"","meta":{"_et_pb_use_builder":"off","_et_pb_old_content":"","_et_gb_content_width":"","footnotes":""},"class_list":["post-269","page","type-page","status-publish","hentry"],"yoast_head":"<!-- This site is optimized with the Yoast SEO plugin v27.6 - https:\/\/yoast.com\/product\/yoast-seo-wordpress\/ -->\n<title>Kit Digital - Assessoria MS Assessors Igualada<\/title>\n<meta name=\"robots\" content=\"index, follow, max-snippet:-1, max-image-preview:large, max-video-preview:-1\" \/>\n<link rel=\"canonical\" href=\"https:\/\/msassessorsigualada.com\/es\/kit-digital\/\" \/>\n<meta property=\"og:locale\" content=\"es_ES\" \/>\n<meta property=\"og:type\" content=\"article\" \/>\n<meta property=\"og:title\" content=\"Kit Digital - Assessoria MS Assessors Igualada\" \/>\n<meta property=\"og:description\" content=\"El desarrollo de esta p\u00e1gina web ha sido posible porque ha sido:\" \/>\n<meta property=\"og:url\" content=\"https:\/\/msassessorsigualada.com\/es\/kit-digital\/\" \/>\n<meta property=\"og:site_name\" content=\"Assessoria MS Assessors Igualada\" \/>\n<meta property=\"article:modified_time\" content=\"2023-10-24T09:52:41+00:00\" \/>\n<meta property=\"og:image\" content=\"https:\/\/msassessorsigualada.com\/wp-content\/uploads\/2023\/10\/logo-digitalizadores1-1024x119.png\" \/>\n<meta name=\"twitter:card\" content=\"summary_large_image\" \/>\n<script type=\"application\/ld+json\" class=\"yoast-schema-graph\">{\"@context\":\"https:\\\/\\\/schema.org\",\"@graph\":[{\"@type\":\"WebPage\",\"@id\":\"https:\\\/\\\/msassessorsigualada.com\\\/es\\\/kit-digital\\\/\",\"url\":\"https:\\\/\\\/msassessorsigualada.com\\\/es\\\/kit-digital\\\/\",\"name\":\"Kit Digital - Assessoria MS Assessors Igualada\",\"isPartOf\":{\"@id\":\"https:\\\/\\\/msassessorsigualada.com\\\/es\\\/#website\"},\"primaryImageOfPage\":{\"@id\":\"https:\\\/\\\/msassessorsigualada.com\\\/es\\\/kit-digital\\\/#primaryimage\"},\"image\":{\"@id\":\"https:\\\/\\\/msassessorsigualada.com\\\/es\\\/kit-digital\\\/#primaryimage\"},\"thumbnailUrl\":\"https:\\\/\\\/msassessorsigualada.com\\\/wp-content\\\/uploads\\\/2023\\\/10\\\/logo-digitalizadores1-1024x119.png\",\"datePublished\":\"2023-10-14T18:12:52+00:00\",\"dateModified\":\"2023-10-24T09:52:41+00:00\",\"breadcrumb\":{\"@id\":\"https:\\\/\\\/msassessorsigualada.com\\\/es\\\/kit-digital\\\/#breadcrumb\"},\"inLanguage\":\"es\",\"potentialAction\":[{\"@type\":\"ReadAction\",\"target\":[\"https:\\\/\\\/msassessorsigualada.com\\\/es\\\/kit-digital\\\/\"]}]},{\"@type\":\"ImageObject\",\"inLanguage\":\"es\",\"@id\":\"https:\\\/\\\/msassessorsigualada.com\\\/es\\\/kit-digital\\\/#primaryimage\",\"url\":\"https:\\\/\\\/msassessorsigualada.com\\\/wp-content\\\/uploads\\\/2023\\\/10\\\/logo-digitalizadores1-1024x119.png\",\"contentUrl\":\"https:\\\/\\\/msassessorsigualada.com\\\/wp-content\\\/uploads\\\/2023\\\/10\\\/logo-digitalizadores1-1024x119.png\"},{\"@type\":\"BreadcrumbList\",\"@id\":\"https:\\\/\\\/msassessorsigualada.com\\\/es\\\/kit-digital\\\/#breadcrumb\",\"itemListElement\":[{\"@type\":\"ListItem\",\"position\":1,\"name\":\"Portada\",\"item\":\"https:\\\/\\\/msassessorsigualada.com\\\/es\\\/\"},{\"@type\":\"ListItem\",\"position\":2,\"name\":\"Kit Digital\"}]},{\"@type\":\"WebSite\",\"@id\":\"https:\\\/\\\/msassessorsigualada.com\\\/es\\\/#website\",\"url\":\"https:\\\/\\\/msassessorsigualada.com\\\/es\\\/\",\"name\":\"Assessoria MS Assessors Igualada\",\"description\":\"Acompanyem fiscalment la teva empresa a l&#039;\u00e8xit\",\"publisher\":{\"@id\":\"https:\\\/\\\/msassessorsigualada.com\\\/es\\\/#organization\"},\"potentialAction\":[{\"@type\":\"SearchAction\",\"target\":{\"@type\":\"EntryPoint\",\"urlTemplate\":\"https:\\\/\\\/msassessorsigualada.com\\\/es\\\/?s={search_term_string}\"},\"query-input\":{\"@type\":\"PropertyValueSpecification\",\"valueRequired\":true,\"valueName\":\"search_term_string\"}}],\"inLanguage\":\"es\"},{\"@type\":\"Organization\",\"@id\":\"https:\\\/\\\/msassessorsigualada.com\\\/es\\\/#organization\",\"name\":\"MS Assessors Igualada\",\"url\":\"https:\\\/\\\/msassessorsigualada.com\\\/es\\\/\",\"logo\":{\"@type\":\"ImageObject\",\"inLanguage\":\"es\",\"@id\":\"https:\\\/\\\/msassessorsigualada.com\\\/es\\\/#\\\/schema\\\/logo\\\/image\\\/\",\"url\":\"https:\\\/\\\/msassessorsigualada.com\\\/wp-content\\\/uploads\\\/2023\\\/09\\\/logo-rodo.jpg\",\"contentUrl\":\"https:\\\/\\\/msassessorsigualada.com\\\/wp-content\\\/uploads\\\/2023\\\/09\\\/logo-rodo.jpg\",\"width\":640,\"height\":640,\"caption\":\"MS Assessors Igualada\"},\"image\":{\"@id\":\"https:\\\/\\\/msassessorsigualada.com\\\/es\\\/#\\\/schema\\\/logo\\\/image\\\/\"}}]}<\/script>\n<!-- \/ Yoast SEO plugin. -->","yoast_head_json":{"title":"Kit Digital - Assessoria MS Assessors Igualada","robots":{"index":"index","follow":"follow","max-snippet":"max-snippet:-1","max-image-preview":"max-image-preview:large","max-video-preview":"max-video-preview:-1"},"canonical":"https:\/\/msassessorsigualada.com\/es\/kit-digital\/","og_locale":"es_ES","og_type":"article","og_title":"Kit Digital - Assessoria MS Assessors Igualada","og_description":"El desarrollo de esta p\u00e1gina web ha sido posible porque ha sido:","og_url":"https:\/\/msassessorsigualada.com\/es\/kit-digital\/","og_site_name":"Assessoria MS Assessors Igualada","article_modified_time":"2023-10-24T09:52:41+00:00","og_image":[{"url":"https:\/\/msassessorsigualada.com\/wp-content\/uploads\/2023\/10\/logo-digitalizadores1-1024x119.png","type":"","width":"","height":""}],"twitter_card":"summary_large_image","schema":{"@context":"https:\/\/schema.org","@graph":[{"@type":"WebPage","@id":"https:\/\/msassessorsigualada.com\/es\/kit-digital\/","url":"https:\/\/msassessorsigualada.com\/es\/kit-digital\/","name":"Kit Digital - Assessoria MS Assessors Igualada","isPartOf":{"@id":"https:\/\/msassessorsigualada.com\/es\/#website"},"primaryImageOfPage":{"@id":"https:\/\/msassessorsigualada.com\/es\/kit-digital\/#primaryimage"},"image":{"@id":"https:\/\/msassessorsigualada.com\/es\/kit-digital\/#primaryimage"},"thumbnailUrl":"https:\/\/msassessorsigualada.com\/wp-content\/uploads\/2023\/10\/logo-digitalizadores1-1024x119.png","datePublished":"2023-10-14T18:12:52+00:00","dateModified":"2023-10-24T09:52:41+00:00","breadcrumb":{"@id":"https:\/\/msassessorsigualada.com\/es\/kit-digital\/#breadcrumb"},"inLanguage":"es","potentialAction":[{"@type":"ReadAction","target":["https:\/\/msassessorsigualada.com\/es\/kit-digital\/"]}]},{"@type":"ImageObject","inLanguage":"es","@id":"https:\/\/msassessorsigualada.com\/es\/kit-digital\/#primaryimage","url":"https:\/\/msassessorsigualada.com\/wp-content\/uploads\/2023\/10\/logo-digitalizadores1-1024x119.png","contentUrl":"https:\/\/msassessorsigualada.com\/wp-content\/uploads\/2023\/10\/logo-digitalizadores1-1024x119.png"},{"@type":"BreadcrumbList","@id":"https:\/\/msassessorsigualada.com\/es\/kit-digital\/#breadcrumb","itemListElement":[{"@type":"ListItem","position":1,"name":"Portada","item":"https:\/\/msassessorsigualada.com\/es\/"},{"@type":"ListItem","position":2,"name":"Kit Digital"}]},{"@type":"WebSite","@id":"https:\/\/msassessorsigualada.com\/es\/#website","url":"https:\/\/msassessorsigualada.com\/es\/","name":"Assessoria MS Assessors Igualada","description":"Acompanyem fiscalment la teva empresa a l&#039;\u00e8xit","publisher":{"@id":"https:\/\/msassessorsigualada.com\/es\/#organization"},"potentialAction":[{"@type":"SearchAction","target":{"@type":"EntryPoint","urlTemplate":"https:\/\/msassessorsigualada.com\/es\/?s={search_term_string}"},"query-input":{"@type":"PropertyValueSpecification","valueRequired":true,"valueName":"search_term_string"}}],"inLanguage":"es"},{"@type":"Organization","@id":"https:\/\/msassessorsigualada.com\/es\/#organization","name":"MS Assessors Igualada","url":"https:\/\/msassessorsigualada.com\/es\/","logo":{"@type":"ImageObject","inLanguage":"es","@id":"https:\/\/msassessorsigualada.com\/es\/#\/schema\/logo\/image\/","url":"https:\/\/msassessorsigualada.com\/wp-content\/uploads\/2023\/09\/logo-rodo.jpg","contentUrl":"https:\/\/msassessorsigualada.com\/wp-content\/uploads\/2023\/09\/logo-rodo.jpg","width":640,"height":640,"caption":"MS Assessors Igualada"},"image":{"@id":"https:\/\/msassessorsigualada.com\/es\/#\/schema\/logo\/image\/"}}]}},"_links":{"self":[{"href":"https:\/\/msassessorsigualada.com\/es\/wp-json\/wp\/v2\/pages\/269","targetHints":{"allow":["GET"]}}],"collection":[{"href":"https:\/\/msassessorsigualada.com\/es\/wp-json\/wp\/v2\/pages"}],"about":[{"href":"https:\/\/msassessorsigualada.com\/es\/wp-json\/wp\/v2\/types\/page"}],"author":[{"embeddable":true,"href":"https:\/\/msassessorsigualada.com\/es\/wp-json\/wp\/v2\/users\/1"}],"replies":[{"embeddable":true,"href":"https:\/\/msassessorsigualada.com\/es\/wp-json\/wp\/v2\/comments?post=269"}],"version-history":[{"count":2,"href":"https:\/\/msassessorsigualada.com\/es\/wp-json\/wp\/v2\/pages\/269\/revisions"}],"predecessor-version":[{"id":271,"href":"https:\/\/msassessorsigualada.com\/es\/wp-json\/wp\/v2\/pages\/269\/revisions\/271"}],"wp:attachment":[{"href":"https:\/\/msassessorsigualada.com\/es\/wp-json\/wp\/v2\/media?parent=269"}],"curies":[{"name":"wp","href":"https:\/\/api.w.org\/{rel}","templated":true}]}}