{"id":272,"date":"2023-08-03T12:07:22","date_gmt":"2023-08-03T10:07:22","guid":{"rendered":"https:\/\/msassessorsigualada.com\/ms-assessors-igualada\/"},"modified":"2023-10-25T18:23:02","modified_gmt":"2023-10-25T16:23:02","slug":"ms-assessors-igualada","status":"publish","type":"page","link":"https:\/\/msassessorsigualada.com\/es\/ms-assessors-igualada\/","title":{"rendered":"MS Assessors Igualada"},"content":{"rendered":"<p>[et_pb_section fb_built=\u00bb1&#8243; _builder_version=\u00bb4.16&#8243; global_colors_info=\u00bb{}\u00bb][et_pb_row _builder_version=\u00bb4.16&#8243; background_size=\u00bbinitial\u00bb background_position=\u00bbtop_left\u00bb background_repeat=\u00bbrepeat\u00bb global_colors_info=\u00bb{}\u00bb][et_pb_column type=\u00bb4_4&#8243; _builder_version=\u00bb4.16&#8243; custom_padding=\u00bb|||\u00bb global_colors_info=\u00bb{}\u00bb custom_padding__hover=\u00bb|||\u00bb][et_pb_text _builder_version=\u00bb4.22.2&#8243; background_size=\u00bbinitial\u00bb background_position=\u00bbtop_left\u00bb background_repeat=\u00bbrepeat\u00bb hover_enabled=\u00bb0&#8243; global_colors_info=\u00bb{}\u00bb sticky_enabled=\u00bb0&#8243;]<\/p>\n<p><!-- divi:paragraph -->Nuestro personal de<strong>asesoria fiscal en la comarca de l&#8217;anoia<\/strong>, cuenta con m\u00e1s de dos d\u00e9cadas de experiencia en el sector.<\/p>\n<p>Nos consideramos un buen socio para guiear tu empresa en el laberinto de la fiscalidad y optimizar tus finanzas.<br \/><strong>Nuestra pasi\u00f3n \u00e9s que tu negocio prospere<\/strong>, y lo conseguimos con<strong>conocimiento, dedicaci\u00f3n y compromiso<\/strong>.<\/p>\n<p>&nbsp;<\/p>\n<p><!-- \/divi:paragraph --><\/p>\n<p>[\/et_pb_text][et_pb_gallery gallery_ids=\u00bb110,111,112,113,114,115,116&#8243; gallery_orderby=\u00bbrand\u00bb posts_number=\u00bb8&#8243; orientation=\u00bbportrait\u00bb show_title_and_caption=\u00bboff\u00bb _builder_version=\u00bb4.22.2&#8243; _module_preset=\u00bbdefault\u00bb global_colors_info=\u00bb{}\u00bb][\/et_pb_gallery][\/et_pb_column][\/et_pb_row][\/et_pb_section]<\/p>\n","protected":false},"excerpt":{"rendered":"<p>Nuestro personal deasesoria fiscal en la comarca de l&#8217;anoia, cuenta con m\u00e1s de dos d\u00e9cadas de experiencia en el sector. Nos consideramos un buen socio para guiear tu empresa en el laberinto de la fiscalidad y optimizar tus finanzas.Nuestra pasi\u00f3n \u00e9s que tu negocio prospere, y lo conseguimos conconocimiento, dedicaci\u00f3n y compromiso. &nbsp;<\/p>\n","protected":false},"author":1,"featured_media":0,"parent":0,"menu_order":0,"comment_status":"closed","ping_status":"closed","template":"","meta":{"_et_pb_use_builder":"on","_et_pb_old_content":"","_et_gb_content_width":"","footnotes":""},"class_list":["post-272","page","type-page","status-publish","hentry"],"yoast_head":"<!-- This site is optimized with the Yoast SEO plugin v27.6 - https:\/\/yoast.com\/product\/yoast-seo-wordpress\/ -->\n<title>MS Assessors Igualada - Assessoria MS Assessors Igualada<\/title>\n<meta name=\"robots\" content=\"index, follow, max-snippet:-1, max-image-preview:large, max-video-preview:-1\" \/>\n<link rel=\"canonical\" href=\"https:\/\/msassessorsigualada.com\/es\/ms-assessors-igualada\/\" \/>\n<meta property=\"og:locale\" content=\"es_ES\" \/>\n<meta property=\"og:type\" content=\"article\" \/>\n<meta property=\"og:title\" content=\"MS Assessors Igualada - Assessoria MS Assessors Igualada\" \/>\n<meta property=\"og:description\" content=\"Nuestro personal deasesoria fiscal en la comarca de l&#039;anoia, cuenta con m\u00e1s de dos d\u00e9cadas de experiencia en el sector. Nos consideramos un buen socio para guiear tu empresa en el laberinto de la fiscalidad y optimizar tus finanzas.Nuestra pasi\u00f3n \u00e9s que tu negocio prospere, y lo conseguimos conconocimiento, dedicaci\u00f3n y compromiso. &nbsp;\" \/>\n<meta property=\"og:url\" content=\"https:\/\/msassessorsigualada.com\/es\/ms-assessors-igualada\/\" \/>\n<meta property=\"og:site_name\" content=\"Assessoria MS Assessors Igualada\" \/>\n<meta property=\"article:modified_time\" content=\"2023-10-25T16:23:02+00:00\" \/>\n<meta name=\"twitter:card\" content=\"summary_large_image\" \/>\n<meta name=\"twitter:label1\" content=\"Tiempo de lectura\" \/>\n\t<meta name=\"twitter:data1\" content=\"1 minuto\" \/>\n<script type=\"application\/ld+json\" class=\"yoast-schema-graph\">{\"@context\":\"https:\\\/\\\/schema.org\",\"@graph\":[{\"@type\":\"WebPage\",\"@id\":\"https:\\\/\\\/msassessorsigualada.com\\\/es\\\/ms-assessors-igualada\\\/\",\"url\":\"https:\\\/\\\/msassessorsigualada.com\\\/es\\\/ms-assessors-igualada\\\/\",\"name\":\"MS Assessors Igualada - Assessoria MS Assessors Igualada\",\"isPartOf\":{\"@id\":\"https:\\\/\\\/msassessorsigualada.com\\\/es\\\/#website\"},\"datePublished\":\"2023-08-03T10:07:22+00:00\",\"dateModified\":\"2023-10-25T16:23:02+00:00\",\"breadcrumb\":{\"@id\":\"https:\\\/\\\/msassessorsigualada.com\\\/es\\\/ms-assessors-igualada\\\/#breadcrumb\"},\"inLanguage\":\"es\",\"potentialAction\":[{\"@type\":\"ReadAction\",\"target\":[\"https:\\\/\\\/msassessorsigualada.com\\\/es\\\/ms-assessors-igualada\\\/\"]}]},{\"@type\":\"BreadcrumbList\",\"@id\":\"https:\\\/\\\/msassessorsigualada.com\\\/es\\\/ms-assessors-igualada\\\/#breadcrumb\",\"itemListElement\":[{\"@type\":\"ListItem\",\"position\":1,\"name\":\"Portada\",\"item\":\"https:\\\/\\\/msassessorsigualada.com\\\/es\\\/\"},{\"@type\":\"ListItem\",\"position\":2,\"name\":\"MS Assessors Igualada\"}]},{\"@type\":\"WebSite\",\"@id\":\"https:\\\/\\\/msassessorsigualada.com\\\/es\\\/#website\",\"url\":\"https:\\\/\\\/msassessorsigualada.com\\\/es\\\/\",\"name\":\"Assessoria MS Assessors Igualada\",\"description\":\"Acompanyem fiscalment la teva empresa a l&#039;\u00e8xit\",\"publisher\":{\"@id\":\"https:\\\/\\\/msassessorsigualada.com\\\/es\\\/#organization\"},\"potentialAction\":[{\"@type\":\"SearchAction\",\"target\":{\"@type\":\"EntryPoint\",\"urlTemplate\":\"https:\\\/\\\/msassessorsigualada.com\\\/es\\\/?s={search_term_string}\"},\"query-input\":{\"@type\":\"PropertyValueSpecification\",\"valueRequired\":true,\"valueName\":\"search_term_string\"}}],\"inLanguage\":\"es\"},{\"@type\":\"Organization\",\"@id\":\"https:\\\/\\\/msassessorsigualada.com\\\/es\\\/#organization\",\"name\":\"MS Assessors Igualada\",\"url\":\"https:\\\/\\\/msassessorsigualada.com\\\/es\\\/\",\"logo\":{\"@type\":\"ImageObject\",\"inLanguage\":\"es\",\"@id\":\"https:\\\/\\\/msassessorsigualada.com\\\/es\\\/#\\\/schema\\\/logo\\\/image\\\/\",\"url\":\"https:\\\/\\\/msassessorsigualada.com\\\/wp-content\\\/uploads\\\/2023\\\/09\\\/logo-rodo.jpg\",\"contentUrl\":\"https:\\\/\\\/msassessorsigualada.com\\\/wp-content\\\/uploads\\\/2023\\\/09\\\/logo-rodo.jpg\",\"width\":640,\"height\":640,\"caption\":\"MS Assessors Igualada\"},\"image\":{\"@id\":\"https:\\\/\\\/msassessorsigualada.com\\\/es\\\/#\\\/schema\\\/logo\\\/image\\\/\"}}]}<\/script>\n<!-- \/ Yoast SEO plugin. -->","yoast_head_json":{"title":"MS Assessors Igualada - Assessoria MS Assessors Igualada","robots":{"index":"index","follow":"follow","max-snippet":"max-snippet:-1","max-image-preview":"max-image-preview:large","max-video-preview":"max-video-preview:-1"},"canonical":"https:\/\/msassessorsigualada.com\/es\/ms-assessors-igualada\/","og_locale":"es_ES","og_type":"article","og_title":"MS Assessors Igualada - Assessoria MS Assessors Igualada","og_description":"Nuestro personal deasesoria fiscal en la comarca de l'anoia, cuenta con m\u00e1s de dos d\u00e9cadas de experiencia en el sector. Nos consideramos un buen socio para guiear tu empresa en el laberinto de la fiscalidad y optimizar tus finanzas.Nuestra pasi\u00f3n \u00e9s que tu negocio prospere, y lo conseguimos conconocimiento, dedicaci\u00f3n y compromiso. &nbsp;","og_url":"https:\/\/msassessorsigualada.com\/es\/ms-assessors-igualada\/","og_site_name":"Assessoria MS Assessors Igualada","article_modified_time":"2023-10-25T16:23:02+00:00","twitter_card":"summary_large_image","twitter_misc":{"Tiempo de lectura":"1 minuto"},"schema":{"@context":"https:\/\/schema.org","@graph":[{"@type":"WebPage","@id":"https:\/\/msassessorsigualada.com\/es\/ms-assessors-igualada\/","url":"https:\/\/msassessorsigualada.com\/es\/ms-assessors-igualada\/","name":"MS Assessors Igualada - Assessoria MS Assessors Igualada","isPartOf":{"@id":"https:\/\/msassessorsigualada.com\/es\/#website"},"datePublished":"2023-08-03T10:07:22+00:00","dateModified":"2023-10-25T16:23:02+00:00","breadcrumb":{"@id":"https:\/\/msassessorsigualada.com\/es\/ms-assessors-igualada\/#breadcrumb"},"inLanguage":"es","potentialAction":[{"@type":"ReadAction","target":["https:\/\/msassessorsigualada.com\/es\/ms-assessors-igualada\/"]}]},{"@type":"BreadcrumbList","@id":"https:\/\/msassessorsigualada.com\/es\/ms-assessors-igualada\/#breadcrumb","itemListElement":[{"@type":"ListItem","position":1,"name":"Portada","item":"https:\/\/msassessorsigualada.com\/es\/"},{"@type":"ListItem","position":2,"name":"MS Assessors Igualada"}]},{"@type":"WebSite","@id":"https:\/\/msassessorsigualada.com\/es\/#website","url":"https:\/\/msassessorsigualada.com\/es\/","name":"Assessoria MS Assessors Igualada","description":"Acompanyem fiscalment la teva empresa a l&#039;\u00e8xit","publisher":{"@id":"https:\/\/msassessorsigualada.com\/es\/#organization"},"potentialAction":[{"@type":"SearchAction","target":{"@type":"EntryPoint","urlTemplate":"https:\/\/msassessorsigualada.com\/es\/?s={search_term_string}"},"query-input":{"@type":"PropertyValueSpecification","valueRequired":true,"valueName":"search_term_string"}}],"inLanguage":"es"},{"@type":"Organization","@id":"https:\/\/msassessorsigualada.com\/es\/#organization","name":"MS Assessors Igualada","url":"https:\/\/msassessorsigualada.com\/es\/","logo":{"@type":"ImageObject","inLanguage":"es","@id":"https:\/\/msassessorsigualada.com\/es\/#\/schema\/logo\/image\/","url":"https:\/\/msassessorsigualada.com\/wp-content\/uploads\/2023\/09\/logo-rodo.jpg","contentUrl":"https:\/\/msassessorsigualada.com\/wp-content\/uploads\/2023\/09\/logo-rodo.jpg","width":640,"height":640,"caption":"MS Assessors Igualada"},"image":{"@id":"https:\/\/msassessorsigualada.com\/es\/#\/schema\/logo\/image\/"}}]}},"_links":{"self":[{"href":"https:\/\/msassessorsigualada.com\/es\/wp-json\/wp\/v2\/pages\/272","targetHints":{"allow":["GET"]}}],"collection":[{"href":"https:\/\/msassessorsigualada.com\/es\/wp-json\/wp\/v2\/pages"}],"about":[{"href":"https:\/\/msassessorsigualada.com\/es\/wp-json\/wp\/v2\/types\/page"}],"author":[{"embeddable":true,"href":"https:\/\/msassessorsigualada.com\/es\/wp-json\/wp\/v2\/users\/1"}],"replies":[{"embeddable":true,"href":"https:\/\/msassessorsigualada.com\/es\/wp-json\/wp\/v2\/comments?post=272"}],"version-history":[{"count":4,"href":"https:\/\/msassessorsigualada.com\/es\/wp-json\/wp\/v2\/pages\/272\/revisions"}],"predecessor-version":[{"id":324,"href":"https:\/\/msassessorsigualada.com\/es\/wp-json\/wp\/v2\/pages\/272\/revisions\/324"}],"wp:attachment":[{"href":"https:\/\/msassessorsigualada.com\/es\/wp-json\/wp\/v2\/media?parent=272"}],"curies":[{"name":"wp","href":"https:\/\/api.w.org\/{rel}","templated":true}]}}