{"id":325,"date":"2023-10-25T17:23:50","date_gmt":"2023-10-25T15:23:50","guid":{"rendered":"https:\/\/msassessorsigualada.com\/servicios\/"},"modified":"2023-11-08T16:38:24","modified_gmt":"2023-11-08T15:38:24","slug":"servicios","status":"publish","type":"page","link":"https:\/\/msassessorsigualada.com\/es\/servicios\/","title":{"rendered":"Servicios"},"content":{"rendered":"<p>[et_pb_section fb_built=\u00bb1&#8243; admin_label=\u00bbFeatures\u00bb _builder_version=\u00bb4.16&#8243; _module_preset=\u00bbdefault\u00bb global_colors_info=\u00bb{}\u00bb][et_pb_row column_structure=\u00bb1_2,1_2&#8243; _builder_version=\u00bb4.16&#8243; _module_preset=\u00bbdefault\u00bb global_colors_info=\u00bb{}\u00bb][et_pb_column type=\u00bb1_2&#8243; _builder_version=\u00bb4.16&#8243; _module_preset=\u00bbdefault\u00bb global_colors_info=\u00bb{}\u00bb][et_pb_image src=\u00bbhttps:\/\/msassessorsigualada.com\/wp-content\/uploads\/2023\/10\/primer-plano-documento-llenado-senora-ocupada-comprobacion-sms-telefono-LOW.jpg\u00bb alt=\u00bbAsesoria Fiscal\u00bb title_text=\u00bbchica rellenando documento\u00bb _builder_version=\u00bb4.22.2&#8243; _module_preset=\u00bbdefault\u00bb global_colors_info=\u00bb{}\u00bb][\/et_pb_image][\/et_pb_column][et_pb_column type=\u00bb1_2&#8243; _builder_version=\u00bb4.16&#8243; _module_preset=\u00bbdefault\u00bb global_colors_info=\u00bb{}\u00bb][et_pb_text _builder_version=\u00bb4.16&#8243; _module_preset=\u00bb003e9429-8e11-4d9e-968b-8881092bbf81&#8243; header_2_font=\u00bbOutfit|600|||||||\u00bb header_2_text_color=\u00bb#000000&#8243; header_2_font_size=\u00bb48px\u00bb header_2_line_height=\u00bb1.1em\u00bb max_width=\u00bb800px\u00bb custom_margin=\u00bb||0px||false|false\u00bb header_2_font_size_tablet=\u00bb32px\u00bb header_2_font_size_phone=\u00bb20px\u00bb header_2_font_size_last_edited=\u00bbon|desktop\u00bb header_2_line_height_tablet=\u00bb1.2em\u00bb header_2_line_height_phone=\u00bb\u00bb header_2_line_height_last_edited=\u00bbon|phone\u00bb locked=\u00bboff\u00bb global_colors_info=\u00bb{}\u00bb]<\/p>\n<h2>Asesor\u00eda Fiscal<\/h2>\n<p>[\/et_pb_text][et_pb_divider color=\u00bbrgba(76,89,76,0.24)\u00bb divider_weight=\u00bb5px\u00bb _builder_version=\u00bb4.16&#8243; _module_preset=\u00bbce0e852d-65f7-4b50-97d9-c94701b6b484&#8243; max_width=\u00bb210px\u00bb height=\u00bb5px\u00bb custom_margin=\u00bb-24px||30px||false|false\u00bb custom_margin_tablet=\u00bb-22px||||false|false\u00bb custom_margin_phone=\u00bb-18px||||false|false\u00bb custom_margin_last_edited=\u00bbon|phone\u00bb global_colors_info=\u00bb{}\u00bb][\/et_pb_divider][et_pb_text _builder_version=\u00bb4.16&#8243; _module_preset=\u00bb22d0da71-6393-430b-a0cd-b77dd565e85c\u00bb text_font_size=\u00bb16px\u00bb text_line_height=\u00bb1.8em\u00bb text_font_size_tablet=\u00bb15px\u00bb text_font_size_phone=\u00bb14px\u00bb text_font_size_last_edited=\u00bbon|phone\u00bb header_font_size_tablet=\u00bb55px\u00bb header_font_size_last_edited=\u00bboff|desktop\u00bb locked=\u00bboff\u00bb global_colors_info=\u00bb{}\u00bb]<\/p>\n<p>En nuestra asesor\u00eda fiscal, no s\u00f3lo ofrecemos servicios; ofrecemos confianza, conocimiento y soporte personalizado en el sector; sabemos como gestionar las fiscalidad compleja para cumplir al d\u00eda toda la normativa.<\/p>\n<p><strong>\u00bfPor qu\u00e9 escogernos?<\/strong><\/p>\n<p><strong>Experiencia S\u00f3lida<\/strong>: Conocimiento profundo del sistema fiscal y las leyes que lo rigen.<\/p>\n<p> <strong>Asesoramiento Integral<\/strong>: No s\u00f3lo estamos aqu\u00ed para cuestiones fiscales, sino tambi\u00e9n para consultas y gu\u00eda en todos los aspectos financieros de tu negocio.<\/p>\n<p><strong>Atenci\u00f3n<\/strong>: Con nosotros puedes estar tranquilo. Tu situaci\u00f3n fiscal est\u00e1 en manos de expertos.<\/p>\n<p>[\/et_pb_text][\/et_pb_column][\/et_pb_row][\/et_pb_section][et_pb_section fb_built=\u00bb1&#8243; admin_label=\u00bbFeature\u00bb _builder_version=\u00bb4.16&#8243; _module_preset=\u00bbdefault\u00bb global_colors_info=\u00bb{}\u00bb][et_pb_row column_structure=\u00bb1_2,1_2&#8243; _builder_version=\u00bb4.16&#8243; _module_preset=\u00bbdefault\u00bb global_colors_info=\u00bb{}\u00bb][et_pb_column type=\u00bb1_2&#8243; _builder_version=\u00bb4.16&#8243; _module_preset=\u00bbdefault\u00bb global_colors_info=\u00bb{}\u00bb][et_pb_text _builder_version=\u00bb4.16&#8243; _module_preset=\u00bb003e9429-8e11-4d9e-968b-8881092bbf81&#8243; header_2_font=\u00bbOutfit|600|||||||\u00bb header_2_text_color=\u00bb#000000&#8243; header_2_font_size=\u00bb48px\u00bb header_2_line_height=\u00bb1.1em\u00bb max_width=\u00bb800px\u00bb custom_margin=\u00bb||0px||false|false\u00bb header_2_font_size_tablet=\u00bb32px\u00bb header_2_font_size_phone=\u00bb20px\u00bb header_2_font_size_last_edited=\u00bbon|desktop\u00bb header_2_line_height_tablet=\u00bb1.2em\u00bb header_2_line_height_phone=\u00bb\u00bb header_2_line_height_last_edited=\u00bbon|phone\u00bb locked=\u00bboff\u00bb global_colors_info=\u00bb{}\u00bb]<\/p>\n<h2>Contabilidad<\/h2>\n<p>[\/et_pb_text][et_pb_text _builder_version=\u00bb4.22.2&#8243; _module_preset=\u00bb22d0da71-6393-430b-a0cd-b77dd565e85c\u00bb text_font_size=\u00bb16px\u00bb text_line_height=\u00bb1.8em\u00bb text_font_size_tablet=\u00bb15px\u00bb text_font_size_phone=\u00bb14px\u00bb text_font_size_last_edited=\u00bbon|phone\u00bb header_font_size_tablet=\u00bb55px\u00bb header_font_size_last_edited=\u00bboff|desktop\u00bb locked=\u00bboff\u00bb global_colors_info=\u00bb{}\u00bb]<\/p>\n<p>Puedes contar con nuestros servicios de contabilidad y facturaci\u00f3n como socio financiero que te proporcionar\u00e1 una base s\u00f3lida para tomar decisiones empresariales. Conocemos la importancia de la precisi\u00f3n y eficiencia contable para tu \u00e9xito.<\/p>\n<p><strong>\u00bfPor qu\u00e9 escogernos?<\/strong><\/p>\n<p><strong>Servicio Personalizado<\/strong>: Cada empresa \u00e9s \u00fanica. Analizamos las necesidades espec\u00edficas y aseguramos que est\u00e9 todo en regla.<\/p>\n<p><strong>Compromiso con el \u00e9xito<\/strong>: Trabajamos para asegurar que tus finanzas est\u00e9n bien gestionadas y puedas centrarte en el crecimiento de tu negocio.<strong><\/strong><\/p>\n<p>[\/et_pb_text][\/et_pb_column][et_pb_column type=\u00bb1_2&#8243; _builder_version=\u00bb4.16&#8243; _module_preset=\u00bbdefault\u00bb global_colors_info=\u00bb{}\u00bb][et_pb_image src=\u00bbhttps:\/\/msassessorsigualada.com\/wp-content\/uploads\/2023\/10\/primer-plano-economista-que-usa-calculadora-mientras-revisa-facturas-impuestos-oficina-LOW.jpg\u00bb alt=\u00bbservicios de contabilidad\u00bb title_text=\u00bbcontable con calculadora\u00bb _builder_version=\u00bb4.22.2&#8243; _module_preset=\u00bbdefault\u00bb global_colors_info=\u00bb{}\u00bb][\/et_pb_image][\/et_pb_column][\/et_pb_row][\/et_pb_section][et_pb_section fb_built=\u00bb1&#8243; admin_label=\u00bbFeature\u00bb _builder_version=\u00bb4.16&#8243; _module_preset=\u00bbdefault\u00bb global_colors_info=\u00bb{}\u00bb][et_pb_row column_structure=\u00bb1_3,2_3&#8243; _builder_version=\u00bb4.16&#8243; _module_preset=\u00bbdefault\u00bb global_colors_info=\u00bb{}\u00bb][et_pb_column type=\u00bb1_3&#8243; _builder_version=\u00bb4.16&#8243; _module_preset=\u00bbdefault\u00bb global_colors_info=\u00bb{}\u00bb][et_pb_image src=\u00bbhttps:\/\/msassessorsigualada.com\/wp-content\/uploads\/2023\/10\/primer-plano-hombres-negocios-dandose-mano-despues-acuerdo-exitoso-LOW.jpg\u00bb alt=\u00bbgestoria laboral. contrato\u00bb title_text=\u00bbcontratado\u00bb _builder_version=\u00bb4.22.2&#8243; _module_preset=\u00bbdefault\u00bb global_colors_info=\u00bb{}\u00bb][\/et_pb_image][\/et_pb_column][et_pb_column type=\u00bb2_3&#8243; _builder_version=\u00bb4.16&#8243; _module_preset=\u00bbdefault\u00bb global_colors_info=\u00bb{}\u00bb][et_pb_text _builder_version=\u00bb4.22.2&#8243; _module_preset=\u00bb003e9429-8e11-4d9e-968b-8881092bbf81&#8243; header_2_font=\u00bbOutfit|600|||||||\u00bb header_2_text_color=\u00bb#000000&#8243; header_2_font_size=\u00bb48px\u00bb header_2_line_height=\u00bb1.1em\u00bb custom_margin=\u00bb||0px||false|false\u00bb header_2_font_size_tablet=\u00bb32px\u00bb header_2_font_size_phone=\u00bb20px\u00bb header_2_font_size_last_edited=\u00bbon|desktop\u00bb header_2_line_height_tablet=\u00bb1.2em\u00bb header_2_line_height_phone=\u00bb\u00bb header_2_line_height_last_edited=\u00bbon|phone\u00bb locked=\u00bboff\u00bb global_colors_info=\u00bb{}\u00bb]<\/p>\n<h2>Asesor\u00eda Laboral<\/h2>\n<p>[\/et_pb_text][et_pb_divider color=\u00bbrgba(76,89,76,0.24)\u00bb divider_weight=\u00bb10px\u00bb _builder_version=\u00bb4.16&#8243; _module_preset=\u00bbce0e852d-65f7-4b50-97d9-c94701b6b484&#8243; max_width=\u00bb280px\u00bb height=\u00bb5px\u00bb custom_margin=\u00bb-24px||30px||false|false\u00bb custom_margin_tablet=\u00bb-9%||||false|false\u00bb custom_margin_phone=\u00bb-18%||||false|false\u00bb custom_margin_last_edited=\u00bboff|desktop\u00bb locked=\u00bboff\u00bb global_colors_info=\u00bb{}\u00bb][\/et_pb_divider][et_pb_text _builder_version=\u00bb4.22.2&#8243; _module_preset=\u00bb22d0da71-6393-430b-a0cd-b77dd565e85c\u00bb text_font_size=\u00bb16px\u00bb text_line_height=\u00bb1.8em\u00bb text_font_size_tablet=\u00bb15px\u00bb text_font_size_phone=\u00bb14px\u00bb text_font_size_last_edited=\u00bbon|phone\u00bb header_font_size_tablet=\u00bb55px\u00bb header_font_size_last_edited=\u00bboff|desktop\u00bb locked=\u00bboff\u00bb global_colors_info=\u00bb{}\u00bb]<\/p>\n<p>Mantener una fuerza de trabajo eficiente es crucial para el \u00e9xito de su negocio. Por eso ofrecemos servicios de gesti\u00f3n laboral y recursos humanos dise\u00f1ados para facilitar la vida de los empresarios en el \u00e1mbito de contrataciones, despidos y otros movimientos de personal.<\/p>\n<p><strong>\u00bfPor qu\u00e9 escogernos?<\/strong><\/p>\n<p><strong>Servicio Completo<\/strong>: Desde la gesti\u00f3n de nuevas altas hasta la gesti\u00f3n de despidos, cubrimos todos los aspectos de la gesti\u00f3n laboral. Sin complejidades<\/p>\n<p><strong>Conformidad Legal<\/strong>: Mantenemos un seguimiento constante de los cambios en las leyes y regulaciones laborales para asegurar que tu empresa las cumpla. La conformidad legal es fundamental para evitar problemas legales y sanciones.<\/p>\n<p><strong>Simplificaci\u00f3n de Procesos<\/strong>: Con nuestra ayuda, los procesos de gesti\u00f3n laboral y recursos humanos se convierten en una tarea m\u00e1s sencilla y eficaz, liber\u00e1ndote de preocupaciones administrativas.<\/p>\n<p>[\/et_pb_text][\/et_pb_column][\/et_pb_row][\/et_pb_section]<\/p>\n","protected":false},"excerpt":{"rendered":"<p>Asesor\u00eda FiscalEn nuestra asesor\u00eda fiscal, no s\u00f3lo ofrecemos servicios; ofrecemos confianza, conocimiento y soporte personalizado en el sector; sabemos como gestionar las fiscalidad compleja para cumplir al d\u00eda toda la normativa. \u00bfPor qu\u00e9 escogernos? Experiencia S\u00f3lida: Conocimiento profundo del sistema fiscal y las leyes que lo rigen. Asesoramiento Integral: No s\u00f3lo estamos aqu\u00ed para cuestiones [&hellip;]<\/p>\n","protected":false},"author":1,"featured_media":0,"parent":0,"menu_order":0,"comment_status":"closed","ping_status":"closed","template":"","meta":{"_et_pb_use_builder":"on","_et_pb_old_content":"","_et_gb_content_width":"","footnotes":""},"class_list":["post-325","page","type-page","status-publish","hentry"],"yoast_head":"<!-- This site is optimized with the Yoast SEO plugin v27.6 - https:\/\/yoast.com\/product\/yoast-seo-wordpress\/ -->\n<title>Servicios - Assessoria MS Assessors Igualada<\/title>\n<meta name=\"robots\" content=\"index, follow, max-snippet:-1, max-image-preview:large, max-video-preview:-1\" \/>\n<link rel=\"canonical\" href=\"https:\/\/msassessorsigualada.com\/es\/servicios\/\" \/>\n<meta property=\"og:locale\" content=\"es_ES\" \/>\n<meta property=\"og:type\" content=\"article\" \/>\n<meta property=\"og:title\" content=\"Servicios - Assessoria MS Assessors Igualada\" \/>\n<meta property=\"og:description\" content=\"Asesor\u00eda FiscalEn nuestra asesor\u00eda fiscal, no s\u00f3lo ofrecemos servicios; ofrecemos confianza, conocimiento y soporte personalizado en el sector; sabemos como gestionar las fiscalidad compleja para cumplir al d\u00eda toda la normativa. \u00bfPor qu\u00e9 escogernos? Experiencia S\u00f3lida: Conocimiento profundo del sistema fiscal y las leyes que lo rigen. Asesoramiento Integral: No s\u00f3lo estamos aqu\u00ed para cuestiones [&hellip;]\" \/>\n<meta property=\"og:url\" content=\"https:\/\/msassessorsigualada.com\/es\/servicios\/\" \/>\n<meta property=\"og:site_name\" content=\"Assessoria MS Assessors Igualada\" \/>\n<meta property=\"article:modified_time\" content=\"2023-11-08T15:38:24+00:00\" \/>\n<meta name=\"twitter:card\" content=\"summary_large_image\" \/>\n<meta name=\"twitter:label1\" content=\"Tiempo de lectura\" \/>\n\t<meta name=\"twitter:data1\" content=\"6 minutos\" \/>\n<script type=\"application\/ld+json\" class=\"yoast-schema-graph\">{\"@context\":\"https:\\\/\\\/schema.org\",\"@graph\":[{\"@type\":\"WebPage\",\"@id\":\"https:\\\/\\\/msassessorsigualada.com\\\/es\\\/servicios\\\/\",\"url\":\"https:\\\/\\\/msassessorsigualada.com\\\/es\\\/servicios\\\/\",\"name\":\"Servicios - Assessoria MS Assessors Igualada\",\"isPartOf\":{\"@id\":\"https:\\\/\\\/msassessorsigualada.com\\\/es\\\/#website\"},\"datePublished\":\"2023-10-25T15:23:50+00:00\",\"dateModified\":\"2023-11-08T15:38:24+00:00\",\"breadcrumb\":{\"@id\":\"https:\\\/\\\/msassessorsigualada.com\\\/es\\\/servicios\\\/#breadcrumb\"},\"inLanguage\":\"es\",\"potentialAction\":[{\"@type\":\"ReadAction\",\"target\":[\"https:\\\/\\\/msassessorsigualada.com\\\/es\\\/servicios\\\/\"]}]},{\"@type\":\"BreadcrumbList\",\"@id\":\"https:\\\/\\\/msassessorsigualada.com\\\/es\\\/servicios\\\/#breadcrumb\",\"itemListElement\":[{\"@type\":\"ListItem\",\"position\":1,\"name\":\"Portada\",\"item\":\"https:\\\/\\\/msassessorsigualada.com\\\/es\\\/\"},{\"@type\":\"ListItem\",\"position\":2,\"name\":\"Servicios\"}]},{\"@type\":\"WebSite\",\"@id\":\"https:\\\/\\\/msassessorsigualada.com\\\/es\\\/#website\",\"url\":\"https:\\\/\\\/msassessorsigualada.com\\\/es\\\/\",\"name\":\"Assessoria MS Assessors Igualada\",\"description\":\"Acompanyem fiscalment la teva empresa a l&#039;\u00e8xit\",\"publisher\":{\"@id\":\"https:\\\/\\\/msassessorsigualada.com\\\/es\\\/#organization\"},\"potentialAction\":[{\"@type\":\"SearchAction\",\"target\":{\"@type\":\"EntryPoint\",\"urlTemplate\":\"https:\\\/\\\/msassessorsigualada.com\\\/es\\\/?s={search_term_string}\"},\"query-input\":{\"@type\":\"PropertyValueSpecification\",\"valueRequired\":true,\"valueName\":\"search_term_string\"}}],\"inLanguage\":\"es\"},{\"@type\":\"Organization\",\"@id\":\"https:\\\/\\\/msassessorsigualada.com\\\/es\\\/#organization\",\"name\":\"MS Assessors Igualada\",\"url\":\"https:\\\/\\\/msassessorsigualada.com\\\/es\\\/\",\"logo\":{\"@type\":\"ImageObject\",\"inLanguage\":\"es\",\"@id\":\"https:\\\/\\\/msassessorsigualada.com\\\/es\\\/#\\\/schema\\\/logo\\\/image\\\/\",\"url\":\"https:\\\/\\\/msassessorsigualada.com\\\/wp-content\\\/uploads\\\/2023\\\/09\\\/logo-rodo.jpg\",\"contentUrl\":\"https:\\\/\\\/msassessorsigualada.com\\\/wp-content\\\/uploads\\\/2023\\\/09\\\/logo-rodo.jpg\",\"width\":640,\"height\":640,\"caption\":\"MS Assessors Igualada\"},\"image\":{\"@id\":\"https:\\\/\\\/msassessorsigualada.com\\\/es\\\/#\\\/schema\\\/logo\\\/image\\\/\"}}]}<\/script>\n<!-- \/ Yoast SEO plugin. -->","yoast_head_json":{"title":"Servicios - Assessoria MS Assessors Igualada","robots":{"index":"index","follow":"follow","max-snippet":"max-snippet:-1","max-image-preview":"max-image-preview:large","max-video-preview":"max-video-preview:-1"},"canonical":"https:\/\/msassessorsigualada.com\/es\/servicios\/","og_locale":"es_ES","og_type":"article","og_title":"Servicios - Assessoria MS Assessors Igualada","og_description":"Asesor\u00eda FiscalEn nuestra asesor\u00eda fiscal, no s\u00f3lo ofrecemos servicios; ofrecemos confianza, conocimiento y soporte personalizado en el sector; sabemos como gestionar las fiscalidad compleja para cumplir al d\u00eda toda la normativa. \u00bfPor qu\u00e9 escogernos? Experiencia S\u00f3lida: Conocimiento profundo del sistema fiscal y las leyes que lo rigen. Asesoramiento Integral: No s\u00f3lo estamos aqu\u00ed para cuestiones [&hellip;]","og_url":"https:\/\/msassessorsigualada.com\/es\/servicios\/","og_site_name":"Assessoria MS Assessors Igualada","article_modified_time":"2023-11-08T15:38:24+00:00","twitter_card":"summary_large_image","twitter_misc":{"Tiempo de lectura":"6 minutos"},"schema":{"@context":"https:\/\/schema.org","@graph":[{"@type":"WebPage","@id":"https:\/\/msassessorsigualada.com\/es\/servicios\/","url":"https:\/\/msassessorsigualada.com\/es\/servicios\/","name":"Servicios - Assessoria MS Assessors Igualada","isPartOf":{"@id":"https:\/\/msassessorsigualada.com\/es\/#website"},"datePublished":"2023-10-25T15:23:50+00:00","dateModified":"2023-11-08T15:38:24+00:00","breadcrumb":{"@id":"https:\/\/msassessorsigualada.com\/es\/servicios\/#breadcrumb"},"inLanguage":"es","potentialAction":[{"@type":"ReadAction","target":["https:\/\/msassessorsigualada.com\/es\/servicios\/"]}]},{"@type":"BreadcrumbList","@id":"https:\/\/msassessorsigualada.com\/es\/servicios\/#breadcrumb","itemListElement":[{"@type":"ListItem","position":1,"name":"Portada","item":"https:\/\/msassessorsigualada.com\/es\/"},{"@type":"ListItem","position":2,"name":"Servicios"}]},{"@type":"WebSite","@id":"https:\/\/msassessorsigualada.com\/es\/#website","url":"https:\/\/msassessorsigualada.com\/es\/","name":"Assessoria MS Assessors Igualada","description":"Acompanyem fiscalment la teva empresa a l&#039;\u00e8xit","publisher":{"@id":"https:\/\/msassessorsigualada.com\/es\/#organization"},"potentialAction":[{"@type":"SearchAction","target":{"@type":"EntryPoint","urlTemplate":"https:\/\/msassessorsigualada.com\/es\/?s={search_term_string}"},"query-input":{"@type":"PropertyValueSpecification","valueRequired":true,"valueName":"search_term_string"}}],"inLanguage":"es"},{"@type":"Organization","@id":"https:\/\/msassessorsigualada.com\/es\/#organization","name":"MS Assessors Igualada","url":"https:\/\/msassessorsigualada.com\/es\/","logo":{"@type":"ImageObject","inLanguage":"es","@id":"https:\/\/msassessorsigualada.com\/es\/#\/schema\/logo\/image\/","url":"https:\/\/msassessorsigualada.com\/wp-content\/uploads\/2023\/09\/logo-rodo.jpg","contentUrl":"https:\/\/msassessorsigualada.com\/wp-content\/uploads\/2023\/09\/logo-rodo.jpg","width":640,"height":640,"caption":"MS Assessors Igualada"},"image":{"@id":"https:\/\/msassessorsigualada.com\/es\/#\/schema\/logo\/image\/"}}]}},"_links":{"self":[{"href":"https:\/\/msassessorsigualada.com\/es\/wp-json\/wp\/v2\/pages\/325","targetHints":{"allow":["GET"]}}],"collection":[{"href":"https:\/\/msassessorsigualada.com\/es\/wp-json\/wp\/v2\/pages"}],"about":[{"href":"https:\/\/msassessorsigualada.com\/es\/wp-json\/wp\/v2\/types\/page"}],"author":[{"embeddable":true,"href":"https:\/\/msassessorsigualada.com\/es\/wp-json\/wp\/v2\/users\/1"}],"replies":[{"embeddable":true,"href":"https:\/\/msassessorsigualada.com\/es\/wp-json\/wp\/v2\/comments?post=325"}],"version-history":[{"count":4,"href":"https:\/\/msassessorsigualada.com\/es\/wp-json\/wp\/v2\/pages\/325\/revisions"}],"predecessor-version":[{"id":362,"href":"https:\/\/msassessorsigualada.com\/es\/wp-json\/wp\/v2\/pages\/325\/revisions\/362"}],"wp:attachment":[{"href":"https:\/\/msassessorsigualada.com\/es\/wp-json\/wp\/v2\/media?parent=325"}],"curies":[{"name":"wp","href":"https:\/\/api.w.org\/{rel}","templated":true}]}}